{"id":520,"date":"2017-06-08T14:25:19","date_gmt":"2017-06-08T14:25:19","guid":{"rendered":"https:\/\/eldritch.qodeinteractive.com\/?page_id=520"},"modified":"2026-03-23T16:32:53","modified_gmt":"2026-03-23T16:32:53","slug":"contact-us","status":"publish","type":"page","link":"https:\/\/blitz-strike.com\/tr\/contact-us\/","title":{"rendered":"Bize Ula\u015f\u0131n"},"content":{"rendered":"<section class=\"wpb-content-wrapper\"><div data-edgt-parallax-speed=\"1\" class=\"vc_row wpb_row vc_row-fluid edgt-section vc_custom_1754312725525 edgt-content-aligment-center edgt-parallax-section-holder edgt-parallax-section-holder-touch-disabled\" style=\"\"><div class=\"clearfix edgt-full-section-inner\"><div class=\"wpb_column vc_column_container vc_col-sm-12 vc_col-has-fill\"><div class=\"vc_column-inner vc_custom_1754312736940\"><div class=\"wpb_wrapper\"><div class=\"edgt-elements-holder edgt-responsive-mode-768\" ><div class=\"edgt-elements-holder-item edgt-width-1-1 edgt-vertical-alignment-middle edgt-horizontal-alignment-center\" data-item-class=\"edgt-elements-holder-custom-112128\" data-1024-1280=\"20.8% 0 20.8% 0\" data-768-1024=\"13.5% 0 14% 0\" >\n\t<div class=\"edgt-elements-holder-item-inner\">\n\t\t<div\n\t\t\tclass=\"edgt-elements-holder-item-content edgt-elements-holder-custom-112128\" style=\"padding: 13.5% 0 14% 0\">\n\t\t\t<div class=\"edgt-elements-holder-item-content-inner\">\n\t\t\t\t\n\t<div class=\"wpb_text_column wpb_content_element\" >\n\t\t<div class=\"wpb_wrapper\">\n\t\t\t<h1><span style=\"color: #ffffff;\">B\u0130ZE ULA\u015eIN<\/span><\/h1>\n\n\t\t<\/div>\n\t<\/div>\n\t\t\t<\/div>\n\t\t<\/div>\n\t<\/div>\n<\/div><\/div><\/div><\/div><\/div><\/div><\/div><div class=\"vc_row wpb_row vc_row-fluid edgt-section vc_custom_1751368980710 edgt-content-aligment-center\" style=\"\"><div class=\"clearfix edgt-full-section-inner\"><div class=\"wpb_column vc_column_container vc_col-sm-6\"><div class=\"vc_column-inner\"><div class=\"wpb_wrapper\"><div class=\"edgt-elements-holder edgt-responsive-mode-768\" ><div class=\"edgt-elements-holder-item edgt-width-1-1 edgt-vertical-alignment-middle edgt-horizontal-alignment-center\" data-item-class=\"edgt-elements-holder-custom-627084\" data-1024-1280=\"20px 25% 100px 25%\" data-768-1024=\"20px 20% 143px 20%\" data-600-768=\"20px 15% 143px 15%\" data-480-600=\"20px 6% 143px 6%\" data-480=\"20px 6% 143px 6%\" >\n\t<div class=\"edgt-elements-holder-item-inner\">\n\t\t<div\n\t\t\tclass=\"edgt-elements-holder-item-content edgt-elements-holder-custom-627084\" style=\"padding: 20px 5% 143px 5%\">\n\t\t\t<div class=\"edgt-elements-holder-item-content-inner\">\n\t\t\t\t\n\t<div class=\"wpb_text_column wpb_content_element\" >\n\t\t<div class=\"wpb_wrapper\">\n\t\t\t<h2><span style=\"color: #ffffff;\">\u0130leti\u015fim<\/span><\/h2>\n\n\t\t<\/div>\n\t<\/div>\n<div data-original-height=\"24\" class=\"vc_empty_space\"  style=\"height: 24px\" >\n\t<span class=\"vc_empty_space_inner\"><\/span><\/div>\n\n\t<div  class=\"wpb_single_image wpb_content_element vc_align_center   separatore-image\">\n\t\t\n\t\t<figure class=\"wpb_wrapper vc_figure\">\n\t\t\t<div class=\"vc_single_image-wrapper   vc_box_border_grey\"><img loading=\"lazy\" decoding=\"async\" width=\"310\" height=\"40\" src=\"https:\/\/blitz-strike.com\/wp-content\/uploads\/2025\/08\/hp_fill.png\" class=\"vc_single_image-img attachment-full\" alt=\"\" title=\"hp_doldur\" srcset=\"https:\/\/blitz-strike.com\/wp-content\/uploads\/2025\/08\/hp_fill.png 310w, https:\/\/blitz-strike.com\/wp-content\/uploads\/2025\/08\/hp_fill-300x39.png 300w\" sizes=\"auto, (max-width: 310px) 100vw, 310px\" \/><\/div>\n\t\t<\/figure>\n\t<\/div>\n<div data-original-height=\"58\" class=\"vc_empty_space\"  style=\"height: 58px\" >\n\t<span class=\"vc_empty_space_inner\"><\/span><\/div>\n\n\t<div class=\"wpb_text_column wpb_content_element\" >\n\t\t<div class=\"wpb_wrapper\">\n\t\t\t<p><span style=\"font-weight: 400;\">\u0130sim: <\/span>PROTECT YOUR SERVICES LTD<\/p>\n<p>\u015eirket numaras\u0131: 16095124<\/p>\n<p><span style=\"font-weight: 400;\">Yasal Adres: <\/span>B\u00f6l\u00fcm 6148 43 Owston Road, Carcroft, Doncaster, Birle\u015fik Krall\u0131k, DN6 8DA<\/p>\n<p><span style=\"font-weight: 400;\">E-posta: <\/span><a style=\"color: #fff;\" href=\"mailto:info@blitz-strike.com\"><span style=\"font-weight: 400;\">bilgi@<\/span><span style=\"font-weight: 400;\">blitz-strike.com<\/span><\/a><\/p>\n<p><span style=\"font-weight: 400;\">Say\u0131: <a style=\"color: #fff;\" href=\"tel:+44 7447 187485\">+<span data-sheets-root=\"1\">44 7447 187485<\/span><\/a><br \/>\n<\/span><\/p>\n<p><span style=\"font-weight: 400;\">M\u00fc\u015fteri Deste\u011fi: <\/span><span style=\"font-weight: 400;\">Pazartesi-Cuma, 09:00 - 18:00<\/span><\/p>\n\n\t\t<\/div>\n\t<\/div>\n\t\t\t<\/div>\n\t\t<\/div>\n\t<\/div>\n<\/div><\/div><\/div><\/div><\/div><div class=\"wpb_column vc_column_container vc_col-sm-6\"><div class=\"vc_column-inner\"><div class=\"wpb_wrapper\"><div class=\"edgt-elements-holder edgt-responsive-mode-768\" ><div class=\"edgt-elements-holder-item edgt-width-1-1 edgt-vertical-alignment-middle edgt-horizontal-alignment-center\" data-item-class=\"edgt-elements-holder-custom-271563\" data-1024-1280=\"20px 25% 100px 25%\" data-768-1024=\"20px 20% 143px 20%\" data-600-768=\"20px 15% 143px 15%\" data-480-600=\"20px 6% 143px 6%\" data-480=\"20px 6% 143px 6%\" >\n\t<div class=\"edgt-elements-holder-item-inner\">\n\t\t<div\n\t\t\tclass=\"edgt-elements-holder-item-content edgt-elements-holder-custom-271563\" style=\"padding: 20px 5% 143px 5%\">\n\t\t\t<div class=\"edgt-elements-holder-item-content-inner\">\n\t\t\t\t\n\t<div class=\"wpb_text_column wpb_content_element\" >\n\t\t<div class=\"wpb_wrapper\">\n\t\t\t<h2><span style=\"color: #ffffff;\">Ba\u011flant\u0131 Kural\u0131m \u2014 Sesiniz \u00d6nemli<\/span><\/h2>\n\n\t\t<\/div>\n\t<\/div>\n<div data-original-height=\"24\" class=\"vc_empty_space\"  style=\"height: 24px\" >\n\t<span class=\"vc_empty_space_inner\"><\/span><\/div>\n\n\t<div  class=\"wpb_single_image wpb_content_element vc_align_center   separatore-image\">\n\t\t\n\t\t<figure class=\"wpb_wrapper vc_figure\">\n\t\t\t<div class=\"vc_single_image-wrapper   vc_box_border_grey\"><img loading=\"lazy\" decoding=\"async\" width=\"310\" height=\"40\" src=\"https:\/\/blitz-strike.com\/wp-content\/uploads\/2025\/08\/hp_fill.png\" class=\"vc_single_image-img attachment-full\" alt=\"\" title=\"hp_doldur\" srcset=\"https:\/\/blitz-strike.com\/wp-content\/uploads\/2025\/08\/hp_fill.png 310w, https:\/\/blitz-strike.com\/wp-content\/uploads\/2025\/08\/hp_fill-300x39.png 300w\" sizes=\"auto, (max-width: 310px) 100vw, 310px\" \/><\/div>\n\t\t<\/figure>\n\t<\/div>\n<div data-original-height=\"58\" class=\"vc_empty_space\"  style=\"height: 58px\" >\n\t<span class=\"vc_empty_space_inner\"><\/span><\/div>\n\n<div class=\"wpcf7 no-js\" id=\"wpcf7-f546-o1\" lang=\"en-US\" dir=\"ltr\" data-wpcf7-id=\"546\">\n<div class=\"screen-reader-response\"><p role=\"status\" aria-live=\"polite\" aria-atomic=\"true\"><\/p> <ul><\/ul><\/div>\n<form action=\"\/tr\/wp-json\/wp\/v2\/pages\/520#wpcf7-f546-o1\" method=\"post\" class=\"wpcf7-form init cf7_custom_style_4\" aria-label=\"Contact form\" novalidate=\"novalidate\" data-status=\"init\" data-trp-original-action=\"\/tr\/wp-json\/wp\/v2\/pages\/520#wpcf7-f546-o1\">\n<fieldset class=\"hidden-fields-container\"><input type=\"hidden\" name=\"_wpcf7\" value=\"546\" \/><input type=\"hidden\" name=\"_wpcf7_version\" value=\"6.1\" \/><input type=\"hidden\" name=\"_wpcf7_locale\" value=\"en_US\" \/><input type=\"hidden\" name=\"_wpcf7_unit_tag\" value=\"wpcf7-f546-o1\" \/><input type=\"hidden\" name=\"_wpcf7_container_post\" value=\"0\" \/><input type=\"hidden\" name=\"_wpcf7_posted_data_hash\" value=\"\" \/>\n<\/fieldset>\n<div class=\"edgt-cf7-50-50\">\n\t<div class=\"edgt-cf7-col-right\">\n\t\t<p><span class=\"wpcf7-form-control-wrap\" data-name=\"your-name\"><input size=\"40\" maxlength=\"400\" class=\"wpcf7-form-control wpcf7-text wpcf7-validates-as-required\" aria-required=\"true\" aria-invalid=\"false\" placeholder=\"ADINIZ\" value=\"\" type=\"text\" name=\"your-name\" \/><\/span>\n\t\t<\/p>\n\t<\/div>\n\t<div class=\"edgt-cf7-col-left\">\n\t\t<p><span class=\"wpcf7-form-control-wrap\" data-name=\"your-mail\"><input size=\"40\" maxlength=\"400\" class=\"wpcf7-form-control wpcf7-email wpcf7-validates-as-required wpcf7-text wpcf7-validates-as-email\" aria-required=\"true\" aria-invalid=\"false\" placeholder=\"POSTALARINIZ\" value=\"\" type=\"email\" name=\"your-mail\" \/><\/span>\n\t\t<\/p>\n\t<\/div>\n<\/div>\n<div>\n\t<p><span class=\"wpcf7-form-control-wrap\" data-name=\"your-message\"><textarea cols=\"40\" rows=\"6\" maxlength=\"2000\" class=\"wpcf7-form-control wpcf7-textarea\" aria-invalid=\"false\" placeholder=\"MESAJ\" name=\"your-message\"><\/textarea><\/span>\n\t<\/p>\n\t<div>\n\t\t<div class=\"edgt-cf7-submit-fullwidth\">\n\t\t\t<p><input class=\"wpcf7-form-control wpcf7-submit has-spinner\" type=\"submit\" value=\"G\u00d6NDERMEK\" \/>\n\t\t\t<\/p>\n\t\t\t<div>\n\t\t\t<\/div>\n\t\t<\/div>\n\t<\/div>\n<\/div><div class=\"wpcf7-response-output\" aria-hidden=\"true\"><\/div>\n<input type=\"hidden\" name=\"trp-form-language\" value=\"tr\"\/><\/form>\n<\/div>\n\t\t\t<\/div>\n\t\t<\/div>\n\t<\/div>\n<\/div><\/div><\/div><\/div><\/div><\/div><\/div>\n<\/section>","protected":false},"excerpt":{"rendered":"CONTACT US Contacts Name: PROTECT YOUR SERVICES LTD Company number: 16095124 Legal Address: Dept 6148 43 Owston Road, Carcroft, Doncaster, United Kingdom, DN6 8DA Email: info@blitz-strike.com Number: +44 7447 187485 Customer Support: Mon-Fri, 9:00 AM - 6:00 PM Let\u2019s Connect \u2014 Your Voice Matters","protected":false},"author":1,"featured_media":0,"parent":0,"menu_order":-19,"comment_status":"closed","ping_status":"closed","template":"full-width.php","meta":{"footnotes":""},"class_list":["post-520","page","type-page","status-publish","hentry"],"_links":{"self":[{"href":"https:\/\/blitz-strike.com\/tr\/wp-json\/wp\/v2\/pages\/520","targetHints":{"allow":["GET"]}}],"collection":[{"href":"https:\/\/blitz-strike.com\/tr\/wp-json\/wp\/v2\/pages"}],"about":[{"href":"https:\/\/blitz-strike.com\/tr\/wp-json\/wp\/v2\/types\/page"}],"author":[{"embeddable":true,"href":"https:\/\/blitz-strike.com\/tr\/wp-json\/wp\/v2\/users\/1"}],"replies":[{"embeddable":true,"href":"https:\/\/blitz-strike.com\/tr\/wp-json\/wp\/v2\/comments?post=520"}],"version-history":[{"count":29,"href":"https:\/\/blitz-strike.com\/tr\/wp-json\/wp\/v2\/pages\/520\/revisions"}],"predecessor-version":[{"id":17732,"href":"https:\/\/blitz-strike.com\/tr\/wp-json\/wp\/v2\/pages\/520\/revisions\/17732"}],"wp:attachment":[{"href":"https:\/\/blitz-strike.com\/tr\/wp-json\/wp\/v2\/media?parent=520"}],"curies":[{"name":"wp","href":"https:\/\/api.w.org\/{rel}","templated":true}]}}