{"id":346,"date":"2017-06-08T09:33:54","date_gmt":"2017-06-08T09:33:54","guid":{"rendered":"https:\/\/eldritch.qodeinteractive.com\/?page_id=346"},"modified":"2025-08-25T11:20:25","modified_gmt":"2025-08-25T11:20:25","slug":"about-us","status":"publish","type":"page","link":"https:\/\/blitz-strike.com\/tr\/about-us\/","title":{"rendered":"Hakk\u0131m\u0131zda"},"content":{"rendered":"<section class=\"wpb-content-wrapper\"><div data-edgt-parallax-speed=\"1\" class=\"vc_row wpb_row vc_row-fluid edgt-section edgt-content-aligment-center edgt-parallax-section-holder edgt-parallax-section-holder-touch-disabled\" style=\"background-image:url(https:\/\/blitz-strike.com\/wp-content\/uploads\/2025\/08\/3Z_2010.w020.n001.772A.p30.772-min-scaled.webp);\"><div class=\"clearfix edgt-full-section-inner\"><div class=\"wpb_column vc_column_container vc_col-sm-12\"><div class=\"vc_column-inner\"><div class=\"wpb_wrapper\"><div class=\"edgt-elements-holder edgt-responsive-mode-768\" ><div class=\"edgt-elements-holder-item edgt-width-1-1 edgt-vertical-alignment-middle edgt-horizontal-alignment-center\" data-item-class=\"edgt-elements-holder-custom-470567\" data-1024-1280=\"20.8% 0 20.8% 0\" data-768-1024=\"12% 0 14% 0\" >\n\t<div class=\"edgt-elements-holder-item-inner\">\n\t\t<div\n\t\t\tclass=\"edgt-elements-holder-item-content edgt-elements-holder-custom-470567\" style=\"padding: 14% 0 14% 0\">\n\t\t\t<div class=\"edgt-elements-holder-item-content-inner\">\n\t\t\t\t\n\t<div class=\"wpb_text_column wpb_content_element\" >\n\t\t<div class=\"wpb_wrapper\">\n\t\t\t<h1><span style=\"color: #ffffff;\">HAKKIMIZDA<\/span><\/h1>\n\n\t\t<\/div>\n\t<\/div>\n\t\t\t<\/div>\n\t\t<\/div>\n\t<\/div>\n<\/div><\/div><\/div><\/div><\/div><\/div><\/div><div class=\"vc_row wpb_row vc_row-fluid edgt-section vc_custom_1751367228264 edgt-content-aligment-left\" style=\"\"><div class=\"clearfix edgt-full-section-inner\"><div class=\"wpb_column vc_column_container vc_col-sm-12\"><div class=\"vc_column-inner\"><div class=\"wpb_wrapper\"><div data-edgt-parallax-speed=\"1\" class=\"vc_row wpb_row vc_inner vc_row-fluid edgt-section about-block edgt-content-aligment-left edgt-grid-section\" style=\"\"><div class=\"edgt-section-inner\"><div class=\"edgt-section-inner-margin clearfix\"><div class=\"wpb_column vc_column_container vc_col-sm-12\"><div class=\"vc_column-inner\"><div class=\"wpb_wrapper\"><div class=\"edgt-elements-holder edgt-responsive-mode-1024\" ><div class=\"edgt-elements-holder-item edgt-width-1-1 edgt-vertical-alignment-middle edgt-horizontal-alignment-left\" data-item-class=\"edgt-elements-holder-custom-674359\" data-600-768=\"70px 0% 155px 0%\" data-480-600=\"57px 5% 163px 0%\" data-480=\"57px 5% 163px 0%\" >\n\t<div class=\"edgt-elements-holder-item-inner\">\n\t\t<div\n\t\t\tclass=\"edgt-elements-holder-item-content edgt-elements-holder-custom-674359\" style=\"padding: 114px 5% 157px 0%\">\n\t\t\t<div class=\"edgt-elements-holder-item-content-inner\">\n\t\t\t\t\n\t<div class=\"wpb_text_column wpb_content_element\" >\n\t\t<div class=\"wpb_wrapper\">\n\t\t\t<h3><span style=\"color: #ffffff;\"><span style=\"caret-color: #ffffff;\">Hakk\u0131m\u0131zda<\/span><\/span><\/h3>\n\n\t\t<\/div>\n\t<\/div>\n<div data-original-height=\"16\" class=\"vc_empty_space\"  style=\"height: 16px\" >\n\t<span class=\"vc_empty_space_inner\"><\/span><\/div>\n\n\t<div class=\"wpb_text_column wpb_content_element\" >\n\t\t<div class=\"wpb_wrapper\">\n\t\t\t<p><span style=\"color: #ffffff;\"> Blitz Strike ile kal\u0131plar\u0131 k\u0131rmay\u0131 hedefledik ve \u015funlar\u0131 birle\u015ftirdik:<\/span><\/p>\n<p>\u2013 H\u0131zl\u0131 tempolu otomatik ate\u015flemeli \u00e7at\u0131\u015fma<br \/>\n\u2013 Derin karakter geli\u015fimi<br \/>\n\u2013 \u015e\u0131k, g\u00f6z al\u0131c\u0131 g\u00f6rseller<br \/>\n\u2013 Ve becerikli hareketleri ve ak\u0131ll\u0131 geli\u015ftirmeleri de\u011ferlendiren, \u00f6d\u00fcllendirici bir meydan okuma.<\/p>\n<p>Bizce oyun sadece tu\u015flara basmaktan ibaret olmamal\u0131, bir deneyim olmal\u0131. Blitz Strike, k\u0131sa, adrenalin dolu seanslar sunarken, oyunda kal\u0131p ke\u015ffetmek ve sistemlerinde ustala\u015fmak isteyen oyuncular i\u00e7in de yeterli derinli\u011fi bar\u0131nd\u0131r\u0131yor.<\/p>\n\n\t\t<\/div>\n\t<\/div>\n\t\t\t<\/div>\n\t\t<\/div>\n\t<\/div>\n<\/div><div class=\"edgt-elements-holder-item edgt-width-1-1 edgt-vertical-alignment-middle edgt-horizontal-alignment-left\" data-item-class=\"edgt-elements-holder-custom-259927\" data-1024-1280=\"0 0% 0 4%\" data-768-1024=\"0 24% 118px 0%\" data-600-768=\"0 9% 79px 0%\" data-480-600=\"0 0% 63px 0%\" data-480=\"0 0% 63px 0%\" >\n\t<div class=\"edgt-elements-holder-item-inner\">\n\t\t<div\n\t\t\tclass=\"edgt-elements-holder-item-content edgt-elements-holder-custom-259927\" style=\"padding: 0 14% 0 0%\">\n\t\t\t<div class=\"edgt-elements-holder-item-content-inner\">\n\t\t\t\t<div class=\"edgt-iwt clearfix edgt-iwt-icon-left edgt-iwt-icon-small\"  >\n        <div class=\"edgt-iwt-icon-holder\">\n\t\t\t\t\t<span\n\t\t\t\tclass=\"edgt-iwt-custom-icon\" style=\"margin: 0 33px 89px 0\"><img loading=\"lazy\" decoding=\"async\" width=\"512\" height=\"512\" src=\"https:\/\/blitz-strike.com\/wp-content\/uploads\/2025\/08\/ic_settings.png\" class=\"attachment-full size-full\" alt=\"\" srcset=\"https:\/\/blitz-strike.com\/wp-content\/uploads\/2025\/08\/ic_settings.png 512w, https:\/\/blitz-strike.com\/wp-content\/uploads\/2025\/08\/ic_settings-300x300.png 300w, https:\/\/blitz-strike.com\/wp-content\/uploads\/2025\/08\/ic_settings-150x150.png 150w\" sizes=\"auto, (max-width: 512px) 100vw, 512px\" \/><\/span>\n\t\t\t<\/div>\n    \t<div class=\"edgt-iwt-content-holder\" >\n\t\t        \t\t<div class=\"edgt-iwt-title-holder\">\n\t\t\t<h4\t\t\tclass=\"edgt-iwt-title\" style=\"color: #ffffff\"\t\t\t>G\u00fc\u00e7l\u00fc Di\u015fliler<\/h4>\n        <\/div>\n        \t\t<div class=\"edgt-iwt-text-holder\">\n        \t\t    <p style=\"color: #ffffff\">Seviyeleri tamamlayarak yeni ate\u015fli silahlar, z\u0131rhlar ve aksesuarlar\u0131n kilidini a\u00e7\u0131n. Her \u00f6\u011fe, Z\u0131rh ve Sa\u011fl\u0131k gibi istatistiklerinizi art\u0131rarak daha uzun s\u00fcre hayatta kalman\u0131za yard\u0131mc\u0131 olur. Ekipman\u0131n\u0131z\u0131 y\u00fckseltin ve m\u00fckemmel te\u00e7hizat\u0131n\u0131z\u0131 olu\u015fturun.<\/p>\n        \n\t\t\t<\/div>\n<\/div>\n<\/div><div class=\"edgt-iwt clearfix edgt-iwt-icon-left edgt-iwt-icon-small\"  >\n        <div class=\"edgt-iwt-icon-holder\">\n\t\t\t\t\t<span\n\t\t\t\tclass=\"edgt-iwt-custom-icon\" style=\"margin: 0 33px 0px 0\"><img loading=\"lazy\" decoding=\"async\" width=\"512\" height=\"512\" src=\"https:\/\/blitz-strike.com\/wp-content\/uploads\/2025\/08\/ic_upgrades.png\" class=\"attachment-full size-full\" alt=\"\" srcset=\"https:\/\/blitz-strike.com\/wp-content\/uploads\/2025\/08\/ic_upgrades.png 512w, https:\/\/blitz-strike.com\/wp-content\/uploads\/2025\/08\/ic_upgrades-300x300.png 300w, https:\/\/blitz-strike.com\/wp-content\/uploads\/2025\/08\/ic_upgrades-150x150.png 150w\" sizes=\"auto, (max-width: 512px) 100vw, 512px\" \/><\/span>\n\t\t\t<\/div>\n    \t<div class=\"edgt-iwt-content-holder\" >\n\t\t        \t\t<div class=\"edgt-iwt-title-holder\">\n\t\t\t<h4\t\t\tclass=\"edgt-iwt-title\" style=\"color: #ffffff\"\t\t\t>Kahraman Geli\u015fimi<\/h4>\n        <\/div>\n        \t\t<div class=\"edgt-iwt-text-holder\">\n        \t\t    <p style=\"color: #ffffff\">Temel istatistiklerinizi y\u00fckselterek oyunlar aras\u0131nda seviye atlay\u0131n: Sa\u011fl\u0131k, Sald\u0131r\u0131, H\u0131z - her \u015fey geli\u015ftirilebilir. Her sava\u015fta, hatta yenilseniz bile g\u00fcc\u00fcn\u00fcz artar.<\/p>\n        \n\t\t\t<\/div>\n<\/div>\n<\/div>\t\t\t<\/div>\n\t\t<\/div>\n\t<\/div>\n<\/div><\/div><\/div><\/div><\/div><\/div><\/div><\/div><\/div><\/div><\/div><\/div><\/div><div id=\"gammeplay\" class=\"vc_row wpb_row vc_row-fluid edgt-section vc_custom_1753735067955 edgt-content-aligment-left\" style=\"\"><div class=\"clearfix edgt-full-section-inner\"><div class=\"wpb_column vc_column_container vc_col-sm-12\"><div class=\"vc_column-inner\"><div class=\"wpb_wrapper\"><div class=\"edgt-elements-holder edgt-responsive-mode-1024\" ><div class=\"edgt-elements-holder-item edgt-width-1-1 edgt-vertical-alignment-middle edgt-horizontal-alignment-center\" data-item-class=\"edgt-elements-holder-custom-106871\" data-1024-1280=\"129px 13% 129px 13%\" data-768-1024=\"129px 35% 129px 13%\" data-600-768=\"129px 15% 129px 15%\" data-480-600=\"129px 7% 129px 7%\" data-480=\"129px 7% 129px 7%\" >\n\t<div class=\"edgt-elements-holder-item-inner\">\n\t\t<div\n\t\t\tclass=\"edgt-elements-holder-item-content edgt-elements-holder-custom-106871\" style=\"background-color: #121212;padding: 129px 33% 129px 33%\">\n\t\t\t<div class=\"edgt-elements-holder-item-content-inner\">\n\t\t\t\t\n\t<div class=\"wpb_text_column wpb_content_element\" >\n\t\t<div class=\"wpb_wrapper\">\n\t\t\t<h3><span style=\"color: #ffffff;\">\u0130lgi \u00c7ekici, Beceri Odakl\u0131 Aksiyon<\/span><\/h3>\n\n\t\t<\/div>\n\t<\/div>\n<div data-original-height=\"13\" class=\"vc_empty_space\"  style=\"height: 13px\" >\n\t<span class=\"vc_empty_space_inner\"><\/span><\/div>\n<div data-original-height=\"65\" class=\"vc_empty_space\"  style=\"height: 65px\" >\n\t<span class=\"vc_empty_space_inner\"><\/span><\/div>\n<div class=\"edgt-iwt clearfix edgt-iwt-icon-left edgt-iwt-icon-tiny\"  >\n        <div class=\"edgt-iwt-icon-holder\">\n\t\t\t\t\t<span\n\t\t\t\tclass=\"edgt-iwt-custom-icon\" style=\"margin: 0 32px 60px 0\"><img loading=\"lazy\" decoding=\"async\" width=\"1481\" height=\"1419\" src=\"https:\/\/blitz-strike.com\/wp-content\/uploads\/2025\/08\/ic_coin_flat.png\" class=\"attachment-full size-full\" alt=\"\" srcset=\"https:\/\/blitz-strike.com\/wp-content\/uploads\/2025\/08\/ic_coin_flat.png 1481w, https:\/\/blitz-strike.com\/wp-content\/uploads\/2025\/08\/ic_coin_flat-300x287.png 300w, https:\/\/blitz-strike.com\/wp-content\/uploads\/2025\/08\/ic_coin_flat-1024x981.png 1024w, https:\/\/blitz-strike.com\/wp-content\/uploads\/2025\/08\/ic_coin_flat-768x736.png 768w\" sizes=\"auto, (max-width: 1481px) 100vw, 1481px\" \/><\/span>\n\t\t\t<\/div>\n    \t<div class=\"edgt-iwt-content-holder\" >\n\t\t\t<div class=\"edgt-iwt-text-holder\">\n        \t\t    <p style=\"color: #ffffff\">G\u00fc\u00e7l\u00fc silahlara, benzersiz ekipmanlara ve \u00f6zel karakter g\u00f6r\u00fcn\u00fcmlerine eri\u015fmek i\u00e7in para toplay\u0131n veya sat\u0131n al\u0131n. Daha h\u0131zl\u0131 ilerlemek isteyenler i\u00e7in iste\u011fe ba\u011fl\u0131 reklamlar ve uygulama i\u00e7i sat\u0131n al\u0131mlar mevcuttur.<\/p>\n        \n\t\t\t<\/div>\n<\/div>\n<\/div><div class=\"edgt-iwt clearfix edgt-iwt-icon-left edgt-iwt-icon-tiny\"  >\n        <div class=\"edgt-iwt-icon-holder\">\n\t\t\t\t\t<span\n\t\t\t\tclass=\"edgt-iwt-custom-icon\" style=\"margin: 0 32px 0 0\"><img loading=\"lazy\" decoding=\"async\" width=\"128\" height=\"64\" src=\"https:\/\/blitz-strike.com\/wp-content\/uploads\/2025\/08\/ic_infinity.png\" class=\"attachment-full size-full\" alt=\"\" \/><\/span>\n\t\t\t<\/div>\n    \t<div class=\"edgt-iwt-content-holder\" >\n\t\t\t<div class=\"edgt-iwt-text-holder\">\n        \t\t    <p style=\"color: #ffffff\">Oyun, yo\u011fun silahl\u0131 \u00e7at\u0131\u015fmalar, katmanl\u0131 ilerleme sistemleri, kusursuz g\u00f6rseller ve tekrar tekrar oynaman\u0131z\u0131 sa\u011flayacak bir oynan\u0131\u015f sunuyor.<\/p>\n        \n\t\t\t<\/div>\n<\/div>\n<\/div>\t\t\t<\/div>\n\t\t<\/div>\n\t<\/div>\n<\/div><\/div><\/div><\/div><\/div><\/div><\/div>\n<\/section>","protected":false},"excerpt":{"rendered":"ABOUT US About us With Blitz Strike, we set out to break the mold \u2014 combining: \u2013 Fast-paced auto-firing combat \u2013 Deep character progression \u2013 Stylized, eye-catching visuals \u2013 And a rewarding challenge that values skillful movement and smart upgrades. We believe game should be...","protected":false},"author":1,"featured_media":0,"parent":0,"menu_order":-29,"comment_status":"closed","ping_status":"closed","template":"full-width.php","meta":{"footnotes":""},"class_list":["post-346","page","type-page","status-publish","hentry"],"_links":{"self":[{"href":"https:\/\/blitz-strike.com\/tr\/wp-json\/wp\/v2\/pages\/346","targetHints":{"allow":["GET"]}}],"collection":[{"href":"https:\/\/blitz-strike.com\/tr\/wp-json\/wp\/v2\/pages"}],"about":[{"href":"https:\/\/blitz-strike.com\/tr\/wp-json\/wp\/v2\/types\/page"}],"author":[{"embeddable":true,"href":"https:\/\/blitz-strike.com\/tr\/wp-json\/wp\/v2\/users\/1"}],"replies":[{"embeddable":true,"href":"https:\/\/blitz-strike.com\/tr\/wp-json\/wp\/v2\/comments?post=346"}],"version-history":[{"count":61,"href":"https:\/\/blitz-strike.com\/tr\/wp-json\/wp\/v2\/pages\/346\/revisions"}],"predecessor-version":[{"id":17683,"href":"https:\/\/blitz-strike.com\/tr\/wp-json\/wp\/v2\/pages\/346\/revisions\/17683"}],"wp:attachment":[{"href":"https:\/\/blitz-strike.com\/tr\/wp-json\/wp\/v2\/media?parent=346"}],"curies":[{"name":"wp","href":"https:\/\/api.w.org\/{rel}","templated":true}]}}