{"id":14422,"date":"2016-08-11T12:49:34","date_gmt":"2016-08-11T12:49:34","guid":{"rendered":"http:\/\/affinity.mikado-themes.com\/?page_id=2522"},"modified":"2025-08-04T13:04:25","modified_gmt":"2025-08-04T13:04:25","slug":"accordions-toggles","status":"publish","type":"page","link":"https:\/\/blitz-strike.com\/tr\/accordions-toggles\/","title":{"rendered":"SSS"},"content":{"rendered":"<section class=\"wpb-content-wrapper\"><div class=\"vc_row wpb_row vc_row-fluid edgt-section vc_custom_1751367636461 edgt-content-aligment-left\" style=\"\"><div class=\"clearfix edgt-full-section-inner\"><div class=\"wpb_column vc_column_container vc_col-sm-12\"><div class=\"vc_column-inner\"><div class=\"wpb_wrapper\"><div data-edgt-parallax-speed=\"1\" class=\"vc_row wpb_row vc_inner vc_row-fluid edgt-section vc_custom_1497270685913 edgt-content-aligment-left edgt-grid-section\" style=\"\"><div class=\"edgt-section-inner\"><div class=\"edgt-section-inner-margin clearfix\"><div class=\"wpb_column vc_column_container vc_col-sm-12\"><div class=\"vc_column-inner\"><div class=\"wpb_wrapper\"><div class=\"edgt-accordion-holder clearfix edgt-accordion edgt-initial edgt-light-skin\">\n\t<h4 class=\"clearfix edgt-title-holder\">\n<span class=\"edgt-accordion-mark edgt-left-mark\">\n\t\t<span class=\"edgt-accordion-mark-icon\">\n\t\t\t<span class=\"icon_plus\"><\/span>\n\t\t\t<span class=\"icon_minus-06\"><\/span>\n\t\t<\/span>\n<\/span>\n<span class=\"edgt-tab-title\">\n\t\t<span class=\"edgt-tab-title-inner\">\n\t\tBu oyunun konusu nedir?\t<\/span>\n<\/span>\n<\/h4>\n<div class=\"edgt-accordion-content\">\n\t<div class=\"edgt-accordion-content-inner\">\n\t\t\n\t<div class=\"wpb_text_column wpb_content_element\" >\n\t\t<div class=\"wpb_wrapper\">\n\t\t\t<p data-start=\"129\" data-end=\"368\">Bu, amans\u0131z d\u00fc\u015fman dalgalar\u0131yla sava\u015ft\u0131\u011f\u0131n\u0131z, ekipman toplad\u0131\u011f\u0131n\u0131z ve m\u00fcmk\u00fcn oldu\u011funca uzun s\u00fcre hayatta kalmak i\u00e7in \u00f6zelliklerinizi geli\u015ftirdi\u011finiz sonsuz aksiyonlu bir ni\u015fanc\u0131 oyunudur.<\/p>\n\n\t\t<\/div>\n\t<\/div>\n\n\t\t\t<\/div>\n<\/div>\n<h4 class=\"clearfix edgt-title-holder\">\n<span class=\"edgt-accordion-mark edgt-left-mark\">\n\t\t<span class=\"edgt-accordion-mark-icon\">\n\t\t\t<span class=\"icon_plus\"><\/span>\n\t\t\t<span class=\"icon_minus-06\"><\/span>\n\t\t<\/span>\n<\/span>\n<span class=\"edgt-tab-title\">\n\t\t<span class=\"edgt-tab-title-inner\">\n\t\tOyun \u00fccretsiz mi?\t<\/span>\n<\/span>\n<\/h4>\n<div class=\"edgt-accordion-content\">\n\t<div class=\"edgt-accordion-content-inner\">\n\t\t\n\t<div class=\"wpb_text_column wpb_content_element\" >\n\t\t<div class=\"wpb_wrapper\">\n\t\t\t<p>Evet! \u0130ste\u011fe ba\u011fl\u0131 uygulama i\u00e7i sat\u0131n al\u0131mlar ve reklamlarla oyunu \u00fccretsiz oynayabilir ve daha h\u0131zl\u0131 ilerleyebilirsiniz.<\/p>\n\n\t\t<\/div>\n\t<\/div>\n\n\t\t\t<\/div>\n<\/div>\n<h4 class=\"clearfix edgt-title-holder\">\n<span class=\"edgt-accordion-mark edgt-left-mark\">\n\t\t<span class=\"edgt-accordion-mark-icon\">\n\t\t\t<span class=\"icon_plus\"><\/span>\n\t\t\t<span class=\"icon_minus-06\"><\/span>\n\t\t<\/span>\n<\/span>\n<span class=\"edgt-tab-title\">\n\t\t<span class=\"edgt-tab-title-inner\">\n\t\tYeni silah ve ekipmanlar\u0131n kilidini nas\u0131l a\u00e7abilirim?\t<\/span>\n<\/span>\n<\/h4>\n<div class=\"edgt-accordion-content\">\n\t<div class=\"edgt-accordion-content-inner\">\n\t\t\n\t<div class=\"wpb_text_column wpb_content_element\" >\n\t\t<div class=\"wpb_wrapper\">\n\t\t\t<p>D\u00fc\u015fmanlar\u0131 yenerek ve seviyeleri tamamlayarak para kazan\u0131n veya ilerlemeyi h\u0131zland\u0131rmak i\u00e7in para sat\u0131n al\u0131n.<\/p>\n\n\t\t<\/div>\n\t<\/div>\n\n\t\t\t<\/div>\n<\/div>\n<h4 class=\"clearfix edgt-title-holder\">\n<span class=\"edgt-accordion-mark edgt-left-mark\">\n\t\t<span class=\"edgt-accordion-mark-icon\">\n\t\t\t<span class=\"icon_plus\"><\/span>\n\t\t\t<span class=\"icon_minus-06\"><\/span>\n\t\t<\/span>\n<\/span>\n<span class=\"edgt-tab-title\">\n\t\t<span class=\"edgt-tab-title-inner\">\n\t\tOynamak i\u00e7in istikrarl\u0131 bir internet ba\u011flant\u0131s\u0131na ihtiyac\u0131m var m\u0131?\t<\/span>\n<\/span>\n<\/h4>\n<div class=\"edgt-accordion-content\">\n\t<div class=\"edgt-accordion-content-inner\">\n\t\t\n\t<div class=\"wpb_text_column wpb_content_element\" >\n\t\t<div class=\"wpb_wrapper\">\n\t\t\t<p data-start=\"785\" data-end=\"986\">Evet, oyun \u00e7evrimi\u00e7i olarak \u00e7al\u0131\u015f\u0131r ve ger\u00e7ek zamanl\u0131 oyun deneyimi i\u00e7in istikrarl\u0131 bir internet ba\u011flant\u0131s\u0131 gerektirir. En sorunsuz deneyim i\u00e7in Wi-Fi kullanman\u0131z\u0131 \u00f6neririz.<\/p>\n\n\t\t<\/div>\n\t<\/div>\n\n\t\t\t<\/div>\n<\/div>\n<h4 class=\"clearfix edgt-title-holder\">\n<span class=\"edgt-accordion-mark edgt-left-mark\">\n\t\t<span class=\"edgt-accordion-mark-icon\">\n\t\t\t<span class=\"icon_plus\"><\/span>\n\t\t\t<span class=\"icon_minus-06\"><\/span>\n\t\t<\/span>\n<\/span>\n<span class=\"edgt-tab-title\">\n\t\t<span class=\"edgt-tab-title-inner\">\n\t\tOyunun bir sonu var m\u0131?\t<\/span>\n<\/span>\n<\/h4>\n<div class=\"edgt-accordion-content\">\n\t<div class=\"edgt-accordion-content-inner\">\n\t\t\n\t<div class=\"wpb_text_column wpb_content_element\" >\n\t\t<div class=\"wpb_wrapper\">\n\t\t\t<p data-start=\"993\" data-end=\"1160\">Hay\u0131r, meydan okuma sonsuz. Ama\u00e7, olabildi\u011fince uzun s\u00fcre hayatta kalmak ve kendi rekorunuzu k\u0131rmak.<\/p>\n\n\t\t<\/div>\n\t<\/div>\n\n\t\t\t<\/div>\n<\/div>\n<h4 class=\"clearfix edgt-title-holder\">\n<span class=\"edgt-accordion-mark edgt-left-mark\">\n\t\t<span class=\"edgt-accordion-mark-icon\">\n\t\t\t<span class=\"icon_plus\"><\/span>\n\t\t\t<span class=\"icon_minus-06\"><\/span>\n\t\t<\/span>\n<\/span>\n<span class=\"edgt-tab-title\">\n\t\t<span class=\"edgt-tab-title-inner\">\n\t\tFarkl\u0131 karakterler veya g\u00f6r\u00fcn\u00fcmler var m\u0131?\t<\/span>\n<\/span>\n<\/h4>\n<div class=\"edgt-accordion-content\">\n\t<div class=\"edgt-accordion-content-inner\">\n\t\t\n\t<div class=\"wpb_text_column wpb_content_element\" >\n\t\t<div class=\"wpb_wrapper\">\n\t\t\t<p data-start=\"1167\" data-end=\"1361\">Evet, istatistiklerinizi de art\u0131ran \u00e7e\u015fitli k\u0131yafet ve silah g\u00f6r\u00fcn\u00fcmlerinin kilidini a\u00e7abilirsiniz.<\/p>\n\n\t\t<\/div>\n\t<\/div>\n\n\t\t\t<\/div>\n<\/div>\n<\/div><\/div><\/div><\/div><\/div><\/div><\/div><\/div><\/div><\/div><\/div><\/div>\n<\/section>","protected":false},"excerpt":{"rendered":"What is this game about? It\u2019s an endless-action shooter where you fight off relentless waves of enemies, collect gear, and upgrade your stats to survive as long as possible. Is the game free to play? Yes! You can play for free with optional in-app purchases...","protected":false},"author":1,"featured_media":0,"parent":0,"menu_order":-20,"comment_status":"closed","ping_status":"closed","template":"full-width.php","meta":{"footnotes":""},"class_list":["post-14422","page","type-page","status-publish","hentry"],"_links":{"self":[{"href":"https:\/\/blitz-strike.com\/tr\/wp-json\/wp\/v2\/pages\/14422","targetHints":{"allow":["GET"]}}],"collection":[{"href":"https:\/\/blitz-strike.com\/tr\/wp-json\/wp\/v2\/pages"}],"about":[{"href":"https:\/\/blitz-strike.com\/tr\/wp-json\/wp\/v2\/types\/page"}],"author":[{"embeddable":true,"href":"https:\/\/blitz-strike.com\/tr\/wp-json\/wp\/v2\/users\/1"}],"replies":[{"embeddable":true,"href":"https:\/\/blitz-strike.com\/tr\/wp-json\/wp\/v2\/comments?post=14422"}],"version-history":[{"count":7,"href":"https:\/\/blitz-strike.com\/tr\/wp-json\/wp\/v2\/pages\/14422\/revisions"}],"predecessor-version":[{"id":17638,"href":"https:\/\/blitz-strike.com\/tr\/wp-json\/wp\/v2\/pages\/14422\/revisions\/17638"}],"wp:attachment":[{"href":"https:\/\/blitz-strike.com\/tr\/wp-json\/wp\/v2\/media?parent=14422"}],"curies":[{"name":"wp","href":"https:\/\/api.w.org\/{rel}","templated":true}]}}